{"id":10138,"date":"2023-08-11T14:03:53","date_gmt":"2023-08-11T12:03:53","guid":{"rendered":"http:\/\/relaunch.tandemfliegenchiemgau.de\/imprint\/"},"modified":"2026-01-26T09:09:33","modified_gmt":"2026-01-26T08:09:33","slug":"imprint","status":"publish","type":"page","link":"https:\/\/tandemfliegenchiemgau.de\/en\/imprint\/","title":{"rendered":"Imprint"},"content":{"rendered":"<section class=\"l-section wpb_row height_medium parallax_ver\"><div class=\"l-section-h i-cf\"><div class=\"g-cols vc_row via_grid cols_1-3 laptops-cols_inherit tablets-cols_inherit mobiles-cols_1 valign_top type_default stacking_default\"><div class=\"wpb_column vc_column_container us_custom_60e9caca us_animate_this\"><div class=\"vc_column-inner\"><\/div><\/div><div class=\"wpb_column vc_column_container\"><div class=\"vc_column-inner\"><div class=\"w-separator size_medium\"><\/div><div data-us-scroll=\"{&quot;from_initial_position&quot;:&quot;0&quot;,&quot;start_position&quot;:&quot;0%&quot;,&quot;end_position&quot;:&quot;100%&quot;,&quot;delay&quot;:&quot;0.1s&quot;,&quot;translate_y_direction&quot;:&quot;up&quot;,&quot;translate_y_speed&quot;:&quot;0.3x&quot;}\" class=\"wpb_text_column has_scroll_effects has_translate_y\"><div class=\"wpb_wrapper\"><h1>Imprint<\/h1>\n<\/div><\/div><\/div><\/div><\/div><\/div><\/section><section class=\"l-section wpb_row us_custom_adadfab6 height_medium\"><div class=\"l-section-h i-cf\"><div class=\"g-cols vc_row via_grid cols_3 laptops-cols_inherit tablets-cols_inherit mobiles-cols_1 valign_top type_default stacking_default\"><div class=\"wpb_column vc_column_container\"><div class=\"vc_column-inner\"><div class=\"wpb_text_column us_custom_5854249e\"><div class=\"wpb_wrapper\"><p>Tandemfliegen Chiemgau<br \/>\nRainer Fischer<br \/>\nHub 5<br \/>\n83209 Prien<br \/>\nMobil: <a href=\"tel:00491746044222\">+49 174 \/ 60 44 222<\/a><br \/>\nMobil: <a href=\"tel:00491733530693\">+49 173 \/ 35 30 693<\/a><br \/>\nHome phone: +49 8051 964324<\/p>\n<p>&nbsp;<\/p>\n<p><a href=\"mailto:fliegauf@tandemfliegenchiemgau.de\">fliegauf@tandemfliegenchiemgau.de<\/a><br \/>\n<a href=\"http:\/\/www.tandemfliegenchiemgau.de\/service\/tandemfliegenchiemgau.de\">www.tandemfliegenchiemgau.de<\/a><\/p>\n<p>Tax ID 156 \/ 217 \/ 32088<\/p>\n<\/div><\/div><\/div><\/div><div class=\"wpb_column vc_column_container\"><div class=\"vc_column-inner\"><div class=\"wpb_text_column us_custom_0669f9f5\"><div class=\"wpb_wrapper\"><p><strong>Photography\/visual material:<\/strong><br \/>\nRainer Fischer, Till Gottbrath, <a href=\"https:\/\/unsplash.com\/de\/@jasmine_waheed?utm_content=creditCopyText&amp;utm_medium=referral&amp;utm_source=unsplash\" target=\"_blank\" rel=\"noopener\">Jasmine Waheed (Unsplash)<\/a><\/p>\n<p><strong>Realization:<\/strong><br \/>\n<a href=\"https:\/\/wm-studio78.de\/\" target=\"_blank\" rel=\"noopener noreferrer\">wm-studio78.de<\/a><\/p>\n<\/div><\/div><\/div><\/div><div class=\"wpb_column vc_column_container\"><div class=\"vc_column-inner\"><\/div><\/div><\/div><\/div><\/section><section class=\"l-section wpb_row us_custom_887a049b height_medium\"><div class=\"l-section-h i-cf\"><div class=\"g-cols vc_row via_grid cols_1-3 laptops-cols_inherit tablets-cols_inherit mobiles-cols_1 valign_top type_default stacking_default\"><div class=\"wpb_column vc_column_container us_custom_60e9caca us_animate_this\"><div class=\"vc_column-inner\"><\/div><\/div><div class=\"wpb_column vc_column_container\"><div class=\"vc_column-inner\"><div class=\"wpb_text_column\"><div class=\"wpb_wrapper\"><h2>Disclaimer \u2013 <span style=\"color: var(--color-content-link);\">Legal notice <\/span><\/h2>\n<\/div><\/div><\/div><\/div><\/div><\/div><\/section><section class=\"l-section wpb_row us_custom_887a049b height_medium\"><div class=\"l-section-h i-cf\"><div class=\"g-cols vc_row via_grid cols_2-1 laptops-cols_inherit tablets-cols_inherit mobiles-cols_1 valign_top type_default stacking_default\"><div class=\"wpb_column vc_column_container\"><div class=\"vc_column-inner\"><div class=\"wpb_text_column us_custom_9d1e26d6\"><div class=\"wpb_wrapper\"><h3>Liability for contents<\/h3>\n<\/div><\/div><div class=\"wpb_text_column\"><div class=\"wpb_wrapper\"><p>As a service provider, we are, in accordance with \u00a7 7 para. 1 DDG (German Telemedia Act) under general law. However, as a service provider, we are not obliged to monitor transmitted or stored third-party information or to investigate circumstances that indicate illegal activity. <\/p>\n<p>Obligations to remove or block the use of information in accordance with general laws remain unaffected by this. However, liability in this respect is only possible from the time of knowledge of a concrete infringement. If we become aware of any such infringements, we will remove this content immediately.<\/p>\n<\/div><\/div><\/div><\/div><div class=\"wpb_column vc_column_container\"><div class=\"vc_column-inner\"><\/div><\/div><\/div><\/div><\/section><section class=\"l-section wpb_row us_custom_887a049b height_medium\"><div class=\"l-section-h i-cf\"><div class=\"g-cols vc_row via_grid cols_2-1 laptops-cols_inherit tablets-cols_inherit mobiles-cols_1 valign_top type_default stacking_default\"><div class=\"wpb_column vc_column_container\"><div class=\"vc_column-inner\"><div class=\"wpb_text_column us_custom_9d1e26d6\"><div class=\"wpb_wrapper\"><h3>Liability for links<\/h3>\n<\/div><\/div><div class=\"wpb_text_column\"><div class=\"wpb_wrapper\"><p>Our offer contains links to external websites of third parties, on whose contents we have no influence. Therefore, we cannot assume any liability for these external contents. The respective provider or operator of the pages is always responsible for the content of the linked pages. The linked<br \/>\npages were checked for possible legal violations at the time of linking. Illegal contents were not recognisable at the time of linking.<\/p>\n<p>However, a permanent control of the contents of the linked pages is not reasonable without concrete indications of a violation of the law. If we become aware of any infringements of the law, we will remove the links<br \/>\nin question immediately.<\/p>\n<\/div><\/div><\/div><\/div><div class=\"wpb_column vc_column_container\"><div class=\"vc_column-inner\"><\/div><\/div><\/div><\/div><\/section><section class=\"l-section wpb_row us_custom_887a049b height_medium\"><div class=\"l-section-h i-cf\"><div class=\"g-cols vc_row via_grid cols_2-1 laptops-cols_inherit tablets-cols_inherit mobiles-cols_1 valign_top type_default stacking_default\"><div class=\"wpb_column vc_column_container\"><div class=\"vc_column-inner\"><div class=\"wpb_text_column us_custom_9d1e26d6\"><div class=\"wpb_wrapper\"><h3>Copyright<\/h3>\n<\/div><\/div><div class=\"wpb_text_column us_custom_915c577a\"><div class=\"wpb_wrapper\"><p>The contents and works created by the site operators on these pages are subject to German copyright law. The reproduction, editing, distribution and any kind of utilisation outside the limits of copyright law require the written consent of the respective author or creator. Downloads and copies of this page are only permitted for private, non-commercial use.<\/p>\n<p>Insofar as the content on this page was not created by the operator, the copyrights of third parties are respected. In particular, third-party content is identified as such. Should you nevertheless become aware of a copyright infringement, please inform us accordingly. If we become aware of any infringements, we will remove such content immediately.<\/p>\n<\/div><\/div><\/div><\/div><div class=\"wpb_column vc_column_container\"><div class=\"vc_column-inner\"><\/div><\/div><\/div><\/div><\/section><section class=\"l-section wpb_row us_custom_887a049b height_medium\"><div class=\"l-section-h i-cf\"><div class=\"g-cols vc_row via_grid cols_2-1 laptops-cols_inherit tablets-cols_inherit mobiles-cols_1 valign_top type_default stacking_default\"><div class=\"wpb_column vc_column_container\"><div class=\"vc_column-inner\"><div class=\"wpb_text_column us_custom_9d1e26d6\"><div class=\"wpb_wrapper\"><h3>Consumer Dispute Resolution\/Universal Arbitration Board<\/h3>\n<\/div><\/div><div class=\"wpb_text_column\"><div class=\"wpb_wrapper\"><p>We participate in a dispute resolution procedure in front of a consumer arbitration board. The Universal Arbitration Board of the Zentrum f\u00fcr Schlichtung e.V., Stra\u00dfburger Stra\u00dfe 8, 77694 Kehl am Rhein (<a href=\"https:\/\/www.verbraucher-schlichter.de\/\" target=\"_blank\" rel=\"noopener noreferrer\">https:\/\/www.verbraucher-schlichter.de<\/a>) is the responsible body in this regard.<\/p>\n<\/div><\/div><\/div><\/div><div class=\"wpb_column vc_column_container\"><div class=\"vc_column-inner\"><\/div><\/div><\/div><\/div><\/section><section class=\"l-section wpb_row height_medium\"><div class=\"l-section-h i-cf\"><div class=\"g-cols vc_row via_grid cols_1-2-1 laptops-cols_inherit tablets-cols_inherit mobiles-cols_1 valign_top type_default stacking_default\"><div class=\"wpb_column vc_column_container\"><div class=\"vc_column-inner\"><\/div><\/div><div class=\"wpb_column vc_column_container\"><div class=\"vc_column-inner\"><div class=\"wpb_text_column\"><div class=\"wpb_wrapper\"><h2 class=\"w-text\"><span class=\"w-text-h\"><span class=\"w-text-value\">This might also interest you<\/span><\/span><\/h2>\n<\/div><\/div><div class=\"w-separator size_custom\" style=\"height:1vmax\"><\/div><div class=\"wpb_text_column us_custom_ec9a807e\"><div class=\"wpb_wrapper\"><p>Your dream of flying should come true. But you still have a <a href=\"https:\/\/tandemfliegenchiemgau.de\/en\/q-a\/\">few questions?<\/a><\/p>\n<p>Or <a href=\"https:\/\/tandemfliegenchiemgau.de\/en\/paragliding-tandemflug-preise-und-flugleistung-gutscheine-flugtickets\/\"><span style=\"text-decoration: underline;\">book your favorite<\/span><\/a> tandem flight with us quickly and easily! Or give away a <a href=\"https:\/\/tandemfliegenchiemgau.de\/en\/vouchers\/\"><span style=\"text-decoration: underline;\">gift voucher<\/span><\/a>. And experience one of the best adventures of your life. Alone or as a couple. We are looking forward to seeing you!<\/p>\n<\/div><\/div><\/div><\/div><div class=\"wpb_column vc_column_container\"><div class=\"vc_column-inner\"><\/div><\/div><\/div><\/div><\/section><section class=\"l-section wpb_row us_custom_2c2b726a height_medium width_full\"><div class=\"l-section-h i-cf\"><div class=\"g-cols vc_row via_grid cols_1 laptops-cols_inherit tablets-cols_inherit mobiles-cols_1 valign_top type_default stacking_default\"><div class=\"wpb_column vc_column_container\"><div class=\"vc_column-inner\"><section class=\"l-section wpb_row height_medium color_footer-top\"><div class=\"l-section-h i-cf\"><div class=\"g-cols vc_row via_grid cols_2 laptops-cols_inherit tablets-cols_inherit mobiles-cols_1 valign_top type_default stacking_default\"><div class=\"wpb_column vc_column_container\"><div class=\"vc_column-inner\"><div class=\"wpb_text_column us_custom_10efb962 us_animate_this\"><div class=\"wpb_wrapper\"><p><a href=\"mailto:fliegauf@tandemfliegen-chiemgau.de\">fliegauf@tandemfliegenchiemgau.de<\/a><\/p>\n<\/div><\/div><\/div><\/div><div class=\"wpb_column vc_column_container\"><div class=\"vc_column-inner\"><div class=\"wpb_text_column us_custom_5f95c302 us_animate_this\"><div class=\"wpb_wrapper\"><p>You just want to inform yourself about a paragliding tandem flight date or about a gift voucher or just get in touch with us personally? Then send us your message in the <a href=\"https:\/\/wa.me\/+491746044222?text=Ich%20habe%20habe%20eine%20Frage%20wegen%20einem%20Tandemflug%20Gutschein.\">WhatsApp chat<\/a> or an email to <a href=\"mailto:fliegauf@tandemfliegenchiemgau.de\">fliegauf@tandemfliegenchiemgau.de<\/a>. You can reach us by phone on <b><a href=\"tel:00491746044222\">+ 49 174 60 44 222<\/a><\/b>.<\/p>\n<\/div><\/div><\/div><\/div><\/div><\/div><\/section>\n<\/div><\/div><\/div><\/div><\/section><section class=\"l-section wpb_row height_medium\"><div class=\"l-section-h i-cf\"><div class=\"g-cols vc_row via_grid cols_1 laptops-cols_inherit tablets-cols_inherit mobiles-cols_1 valign_top type_default stacking_default\"><div class=\"wpb_column vc_column_container\"><div class=\"vc_column-inner\"><div class=\"wpb_text_column\"><div class=\"wpb_wrapper\"><div class=\"woocommerce woocommerce-gzd woocommerce-gzd-complaints-shortcode\">\n\t\t\t<h3>Alternative Dispute Resolution in accordance with Art. 14 (1) ODR-VO and \u00a7 36 VSBG:<\/h3>\n\t\nWir sind bereit, an einem au\u00dfergerichtlichen Schlichtungsverfahren teilzunehmen.<\/div>\n<\/div><\/div><\/div><\/div><\/div><\/div><\/section>\n","protected":false},"excerpt":{"rendered":"Imprint Tandemfliegen Chiemgau Rainer Fischer Hub 5 83209 Prien Mobil: +49 174 \/ 60 44 222 Mobil: +49 173 \/ 35 30 693 Home phone: +49 8051 964324 &nbsp; fliegauf@tandemfliegenchiemgau.de www.tandemfliegenchiemgau.de Tax ID 156 \/ 217 \/ 32088 Photography\/visual material: Rainer Fischer, Till Gottbrath, Jasmine Waheed (Unsplash) Realization: wm-studio78.de Disclaimer \u2013 Legal notice Liability for...","protected":false},"author":1,"featured_media":11760,"parent":0,"menu_order":0,"comment_status":"closed","ping_status":"closed","template":"","meta":{"_acf_changed":false,"footnotes":""},"class_list":["post-10138","page","type-page","status-publish","has-post-thumbnail","hentry"],"acf":[],"yoast_head":"<!-- This site is optimized with the Yoast SEO Premium plugin v26.8 (Yoast SEO v26.8) - https:\/\/yoast.com\/product\/yoast-seo-premium-wordpress\/ -->\n<title>Imprint Tandem Flight Tandemfliegen Chiemgau<\/title>\n<meta name=\"description\" content=\"Imprint Tandem Flying Chiemgau Rainer Fischer Hub 5 83209 Prien am Chiemsee - Telephone +49 1746044222 Email fliegauf@tandemfliegenchiemgau.de\" \/>\n<meta name=\"robots\" content=\"index, follow, max-snippet:-1, max-image-preview:large, max-video-preview:-1\" \/>\n<link rel=\"canonical\" href=\"https:\/\/tandemfliegenchiemgau.de\/en\/imprint\/\" \/>\n<meta property=\"og:locale\" content=\"en_US\" \/>\n<meta property=\"og:type\" content=\"article\" \/>\n<meta property=\"og:title\" content=\"Imprint - Tandem flying Chiemgau legal information\" \/>\n<meta property=\"og:description\" content=\"Imprint Tandem Flying Chiemgau Rainer Fischer Hub 5 83209 Prien am Chiemsee - Telephone +49 1746044222 Email fliegauf@tandemfliegenchiemgau.de\" \/>\n<meta property=\"og:url\" content=\"https:\/\/tandemfliegenchiemgau.de\/en\/imprint\/\" \/>\n<meta property=\"og:site_name\" content=\"TNDM | Tandemfliegen Chiemgau\" \/>\n<meta property=\"article:publisher\" content=\"https:\/\/www.facebook.com\/tandemfliegenchiemgau\/?locale=de_DE\" \/>\n<meta property=\"article:modified_time\" content=\"2026-01-26T08:09:33+00:00\" \/>\n<meta property=\"og:image\" content=\"https:\/\/tandemfliegenchiemgau.de\/wp-content\/uploads\/2024\/01\/TNDM_Tandemfliegen_Chiemgau_Wolken_Paragliding.jpg\" \/>\n\t<meta property=\"og:image:width\" content=\"2555\" \/>\n\t<meta property=\"og:image:height\" content=\"1916\" \/>\n\t<meta property=\"og:image:type\" content=\"image\/jpeg\" \/>\n<meta name=\"twitter:card\" content=\"summary_large_image\" \/>\n<meta name=\"twitter:title\" content=\"Imprint\" \/>\n<meta name=\"twitter:label1\" content=\"Est. reading time\" \/>\n\t<meta name=\"twitter:data1\" content=\"5 minutes\" \/>\n<script type=\"application\/ld+json\" class=\"yoast-schema-graph\">{\"@context\":\"https:\/\/schema.org\",\"@graph\":[{\"@type\":\"WebPage\",\"@id\":\"https:\/\/tandemfliegenchiemgau.de\/en\/imprint\/\",\"url\":\"https:\/\/tandemfliegenchiemgau.de\/en\/imprint\/\",\"name\":\"Imprint Tandem Flight Tandemfliegen Chiemgau\",\"isPartOf\":{\"@id\":\"https:\/\/tandemfliegenchiemgau.de\/en\/#website\"},\"primaryImageOfPage\":{\"@id\":\"https:\/\/tandemfliegenchiemgau.de\/en\/imprint\/#primaryimage\"},\"image\":{\"@id\":\"https:\/\/tandemfliegenchiemgau.de\/en\/imprint\/#primaryimage\"},\"thumbnailUrl\":\"https:\/\/tandemfliegenchiemgau.de\/wp-content\/uploads\/2024\/01\/TNDM_Tandemfliegen_Chiemgau_Wolken_Paragliding.jpg\",\"datePublished\":\"2023-08-11T12:03:53+00:00\",\"dateModified\":\"2026-01-26T08:09:33+00:00\",\"description\":\"Imprint Tandem Flying Chiemgau Rainer Fischer Hub 5 83209 Prien am Chiemsee - Telephone +49 1746044222 Email fliegauf@tandemfliegenchiemgau.de\",\"breadcrumb\":{\"@id\":\"https:\/\/tandemfliegenchiemgau.de\/en\/imprint\/#breadcrumb\"},\"inLanguage\":\"en-US\",\"potentialAction\":[{\"@type\":\"ReadAction\",\"target\":[\"https:\/\/tandemfliegenchiemgau.de\/en\/imprint\/\"]}]},{\"@type\":\"ImageObject\",\"inLanguage\":\"en-US\",\"@id\":\"https:\/\/tandemfliegenchiemgau.de\/en\/imprint\/#primaryimage\",\"url\":\"https:\/\/tandemfliegenchiemgau.de\/wp-content\/uploads\/2024\/01\/TNDM_Tandemfliegen_Chiemgau_Wolken_Paragliding.jpg\",\"contentUrl\":\"https:\/\/tandemfliegenchiemgau.de\/wp-content\/uploads\/2024\/01\/TNDM_Tandemfliegen_Chiemgau_Wolken_Paragliding.jpg\",\"width\":2555,\"height\":1916,\"caption\":\"Imprint Tandem Flying Chiemgau Paragliding Tandem Flight\"},{\"@type\":\"BreadcrumbList\",\"@id\":\"https:\/\/tandemfliegenchiemgau.de\/en\/imprint\/#breadcrumb\",\"itemListElement\":[{\"@type\":\"ListItem\",\"position\":1,\"name\":\"Startseite\",\"item\":\"https:\/\/tandemfliegenchiemgau.de\/en\/\"},{\"@type\":\"ListItem\",\"position\":2,\"name\":\"Imprint\"}]},{\"@type\":\"WebSite\",\"@id\":\"https:\/\/tandemfliegenchiemgau.de\/en\/#website\",\"url\":\"https:\/\/tandemfliegenchiemgau.de\/en\/\",\"name\":\"TNDM | Tandemfliegen Chiemgau\",\"description\":\"Paragliding am Chiemsee in den Alpen\",\"publisher\":{\"@id\":\"https:\/\/tandemfliegenchiemgau.de\/en\/#organization\"},\"potentialAction\":[{\"@type\":\"SearchAction\",\"target\":{\"@type\":\"EntryPoint\",\"urlTemplate\":\"https:\/\/tandemfliegenchiemgau.de\/en\/?s={search_term_string}\"},\"query-input\":{\"@type\":\"PropertyValueSpecification\",\"valueRequired\":true,\"valueName\":\"search_term_string\"}}],\"inLanguage\":\"en-US\"},{\"@type\":\"Organization\",\"@id\":\"https:\/\/tandemfliegenchiemgau.de\/en\/#organization\",\"name\":\"Tandemfliegen Chiemgau\",\"alternateName\":\"TNDM\",\"url\":\"https:\/\/tandemfliegenchiemgau.de\/en\/\",\"logo\":{\"@type\":\"ImageObject\",\"inLanguage\":\"en-US\",\"@id\":\"https:\/\/tandemfliegenchiemgau.de\/en\/#\/schema\/logo\/image\/\",\"url\":\"https:\/\/tandemfliegenchiemgau.de\/wp-content\/uploads\/2017\/01\/TNDM_Logo_white_RGB.svg\",\"contentUrl\":\"https:\/\/tandemfliegenchiemgau.de\/wp-content\/uploads\/2017\/01\/TNDM_Logo_white_RGB.svg\",\"caption\":\"Tandemfliegen Chiemgau\"},\"image\":{\"@id\":\"https:\/\/tandemfliegenchiemgau.de\/en\/#\/schema\/logo\/image\/\"},\"sameAs\":[\"https:\/\/www.facebook.com\/tandemfliegenchiemgau\/?locale=de_DE\",\"https:\/\/www.instagram.com\/explore\/locations\/193315117383827\/tandemfliegen-chiemgau\/\"]}]}<\/script>\n<!-- \/ Yoast SEO Premium plugin. -->","yoast_head_json":{"title":"Imprint Tandem Flight Tandemfliegen Chiemgau","description":"Imprint Tandem Flying Chiemgau Rainer Fischer Hub 5 83209 Prien am Chiemsee - Telephone +49 1746044222 Email fliegauf@tandemfliegenchiemgau.de","robots":{"index":"index","follow":"follow","max-snippet":"max-snippet:-1","max-image-preview":"max-image-preview:large","max-video-preview":"max-video-preview:-1"},"canonical":"https:\/\/tandemfliegenchiemgau.de\/en\/imprint\/","og_locale":"en_US","og_type":"article","og_title":"Imprint - Tandem flying Chiemgau legal information","og_description":"Imprint Tandem Flying Chiemgau Rainer Fischer Hub 5 83209 Prien am Chiemsee - Telephone +49 1746044222 Email fliegauf@tandemfliegenchiemgau.de","og_url":"https:\/\/tandemfliegenchiemgau.de\/en\/imprint\/","og_site_name":"TNDM | Tandemfliegen Chiemgau","article_publisher":"https:\/\/www.facebook.com\/tandemfliegenchiemgau\/?locale=de_DE","article_modified_time":"2026-01-26T08:09:33+00:00","og_image":[{"width":2555,"height":1916,"url":"https:\/\/tandemfliegenchiemgau.de\/wp-content\/uploads\/2024\/01\/TNDM_Tandemfliegen_Chiemgau_Wolken_Paragliding.jpg","type":"image\/jpeg"}],"twitter_card":"summary_large_image","twitter_title":"Imprint","twitter_misc":{"Est. reading time":"5 minutes"},"schema":{"@context":"https:\/\/schema.org","@graph":[{"@type":"WebPage","@id":"https:\/\/tandemfliegenchiemgau.de\/en\/imprint\/","url":"https:\/\/tandemfliegenchiemgau.de\/en\/imprint\/","name":"Imprint Tandem Flight Tandemfliegen Chiemgau","isPartOf":{"@id":"https:\/\/tandemfliegenchiemgau.de\/en\/#website"},"primaryImageOfPage":{"@id":"https:\/\/tandemfliegenchiemgau.de\/en\/imprint\/#primaryimage"},"image":{"@id":"https:\/\/tandemfliegenchiemgau.de\/en\/imprint\/#primaryimage"},"thumbnailUrl":"https:\/\/tandemfliegenchiemgau.de\/wp-content\/uploads\/2024\/01\/TNDM_Tandemfliegen_Chiemgau_Wolken_Paragliding.jpg","datePublished":"2023-08-11T12:03:53+00:00","dateModified":"2026-01-26T08:09:33+00:00","description":"Imprint Tandem Flying Chiemgau Rainer Fischer Hub 5 83209 Prien am Chiemsee - Telephone +49 1746044222 Email fliegauf@tandemfliegenchiemgau.de","breadcrumb":{"@id":"https:\/\/tandemfliegenchiemgau.de\/en\/imprint\/#breadcrumb"},"inLanguage":"en-US","potentialAction":[{"@type":"ReadAction","target":["https:\/\/tandemfliegenchiemgau.de\/en\/imprint\/"]}]},{"@type":"ImageObject","inLanguage":"en-US","@id":"https:\/\/tandemfliegenchiemgau.de\/en\/imprint\/#primaryimage","url":"https:\/\/tandemfliegenchiemgau.de\/wp-content\/uploads\/2024\/01\/TNDM_Tandemfliegen_Chiemgau_Wolken_Paragliding.jpg","contentUrl":"https:\/\/tandemfliegenchiemgau.de\/wp-content\/uploads\/2024\/01\/TNDM_Tandemfliegen_Chiemgau_Wolken_Paragliding.jpg","width":2555,"height":1916,"caption":"Imprint Tandem Flying Chiemgau Paragliding Tandem Flight"},{"@type":"BreadcrumbList","@id":"https:\/\/tandemfliegenchiemgau.de\/en\/imprint\/#breadcrumb","itemListElement":[{"@type":"ListItem","position":1,"name":"Startseite","item":"https:\/\/tandemfliegenchiemgau.de\/en\/"},{"@type":"ListItem","position":2,"name":"Imprint"}]},{"@type":"WebSite","@id":"https:\/\/tandemfliegenchiemgau.de\/en\/#website","url":"https:\/\/tandemfliegenchiemgau.de\/en\/","name":"TNDM | Tandemfliegen Chiemgau","description":"Paragliding am Chiemsee in den Alpen","publisher":{"@id":"https:\/\/tandemfliegenchiemgau.de\/en\/#organization"},"potentialAction":[{"@type":"SearchAction","target":{"@type":"EntryPoint","urlTemplate":"https:\/\/tandemfliegenchiemgau.de\/en\/?s={search_term_string}"},"query-input":{"@type":"PropertyValueSpecification","valueRequired":true,"valueName":"search_term_string"}}],"inLanguage":"en-US"},{"@type":"Organization","@id":"https:\/\/tandemfliegenchiemgau.de\/en\/#organization","name":"Tandemfliegen Chiemgau","alternateName":"TNDM","url":"https:\/\/tandemfliegenchiemgau.de\/en\/","logo":{"@type":"ImageObject","inLanguage":"en-US","@id":"https:\/\/tandemfliegenchiemgau.de\/en\/#\/schema\/logo\/image\/","url":"https:\/\/tandemfliegenchiemgau.de\/wp-content\/uploads\/2017\/01\/TNDM_Logo_white_RGB.svg","contentUrl":"https:\/\/tandemfliegenchiemgau.de\/wp-content\/uploads\/2017\/01\/TNDM_Logo_white_RGB.svg","caption":"Tandemfliegen Chiemgau"},"image":{"@id":"https:\/\/tandemfliegenchiemgau.de\/en\/#\/schema\/logo\/image\/"},"sameAs":["https:\/\/www.facebook.com\/tandemfliegenchiemgau\/?locale=de_DE","https:\/\/www.instagram.com\/explore\/locations\/193315117383827\/tandemfliegen-chiemgau\/"]}]}},"_links":{"self":[{"href":"https:\/\/tandemfliegenchiemgau.de\/en\/wp-json\/wp\/v2\/pages\/10138","targetHints":{"allow":["GET"]}}],"collection":[{"href":"https:\/\/tandemfliegenchiemgau.de\/en\/wp-json\/wp\/v2\/pages"}],"about":[{"href":"https:\/\/tandemfliegenchiemgau.de\/en\/wp-json\/wp\/v2\/types\/page"}],"author":[{"embeddable":true,"href":"https:\/\/tandemfliegenchiemgau.de\/en\/wp-json\/wp\/v2\/users\/1"}],"replies":[{"embeddable":true,"href":"https:\/\/tandemfliegenchiemgau.de\/en\/wp-json\/wp\/v2\/comments?post=10138"}],"version-history":[{"count":3,"href":"https:\/\/tandemfliegenchiemgau.de\/en\/wp-json\/wp\/v2\/pages\/10138\/revisions"}],"predecessor-version":[{"id":16789,"href":"https:\/\/tandemfliegenchiemgau.de\/en\/wp-json\/wp\/v2\/pages\/10138\/revisions\/16789"}],"wp:featuredmedia":[{"embeddable":true,"href":"https:\/\/tandemfliegenchiemgau.de\/en\/wp-json\/wp\/v2\/media\/11760"}],"wp:attachment":[{"href":"https:\/\/tandemfliegenchiemgau.de\/en\/wp-json\/wp\/v2\/media?parent=10138"}],"curies":[{"name":"wp","href":"https:\/\/api.w.org\/{rel}","templated":true}]}}